



{"id":11,"date":"2018-08-29T13:13:47","date_gmt":"2018-08-29T16:13:47","guid":{"rendered":"http:\/\/demo.basepixels.com\/source\/?page_id=11"},"modified":"2018-08-28T10:19:52","modified_gmt":"2018-08-28T13:19:52","slug":"contacto","status":"publish","type":"page","link":"https:\/\/www.sidomus.com\/noticias\/contacto\/","title":{"rendered":"Contacto"},"content":{"rendered":"<p>Estamos en Ramos Mej\u00eda, en Buenos Aires, Argentina.<\/p>\n<ul>\n<li>Nuestra direcci\u00f3n: General Escalada 122, Ramos Mej\u00eda.<\/li>\n<li>Nuestro email de contacto por informaci\u00f3n adicional: info@sidomus.com<\/li>\n<\/ul>\n<p>Tambi\u00e9n, si lo prefer\u00eds, pod\u00e9s dejarnos tus datos y completar nuestro formulario de contacto. \u00a1Gracias!<\/p>\n\n<div class=\"wpcf7 no-js\" id=\"wpcf7-f104-o1\" lang=\"en-US\" dir=\"ltr\">\n<div class=\"screen-reader-response\"><p role=\"status\" aria-live=\"polite\" aria-atomic=\"true\"><\/p> <ul><\/ul><\/div>\n<form action=\"\/noticias\/wp-json\/wp\/v2\/pages\/11#wpcf7-f104-o1\" method=\"post\" class=\"wpcf7-form init\" aria-label=\"Contact form\" novalidate=\"novalidate\" data-status=\"init\">\n<div style=\"display: none;\">\n<input type=\"hidden\" name=\"_wpcf7\" value=\"104\" \/>\n<input type=\"hidden\" name=\"_wpcf7_version\" value=\"5.7.7\" \/>\n<input type=\"hidden\" name=\"_wpcf7_locale\" value=\"en_US\" \/>\n<input type=\"hidden\" name=\"_wpcf7_unit_tag\" value=\"wpcf7-f104-o1\" \/>\n<input type=\"hidden\" name=\"_wpcf7_container_post\" value=\"0\" \/>\n<input type=\"hidden\" name=\"_wpcf7_posted_data_hash\" value=\"\" \/>\n<\/div>\n<p><span class=\"wpcf7-form-control-wrap\" data-name=\"your-email\"><input size=\"40\" class=\"wpcf7-form-control wpcf7-text wpcf7-email wpcf7-validates-as-required wpcf7-validates-as-email\" aria-required=\"true\" aria-invalid=\"false\" placeholder=\"Su e-mail*\" value=\"\" type=\"email\" name=\"your-email\" \/><\/span><br \/>\n<span class=\"wpcf7-form-control-wrap\" data-name=\"your-message\"><textarea cols=\"40\" rows=\"10\" class=\"wpcf7-form-control wpcf7-textarea\" aria-invalid=\"false\" placeholder=\"Mensaje\" name=\"your-message\"><\/textarea><\/span><br \/>\n<input class=\"wpcf7-form-control has-spinner wpcf7-submit\" type=\"submit\" value=\"Enviar mensaje\" \/>\n<\/p><p style=\"display: none !important;\"><label>&#916;<textarea name=\"_wpcf7_ak_hp_textarea\" cols=\"45\" rows=\"8\" maxlength=\"100\"><\/textarea><\/label><input type=\"hidden\" id=\"ak_js_1\" name=\"_wpcf7_ak_js\" value=\"161\"\/><script>document.getElementById( \"ak_js_1\" ).setAttribute( \"value\", ( new Date() ).getTime() );<\/script><\/p><div class=\"wpcf7-response-output\" aria-hidden=\"true\"><\/div>\n<\/form>\n<\/div>\n\n","protected":false},"excerpt":{"rendered":"<p>Estamos en Ramos Mej\u00eda, en Buenos Aires, Argentina. Nuestra direcci\u00f3n: General Escalada 122, Ramos Mej\u00eda. Nuestro email de contacto por informaci\u00f3n adicional: info@sidomus.com Tambi\u00e9n, si lo prefer\u00eds, pod\u00e9s dejarnos tus datos y completar nuestro formulario<\/p>\n","protected":false},"author":1,"featured_media":0,"parent":0,"menu_order":0,"comment_status":"closed","ping_status":"closed","template":"","meta":[],"_links":{"self":[{"href":"https:\/\/www.sidomus.com\/noticias\/wp-json\/wp\/v2\/pages\/11"}],"collection":[{"href":"https:\/\/www.sidomus.com\/noticias\/wp-json\/wp\/v2\/pages"}],"about":[{"href":"https:\/\/www.sidomus.com\/noticias\/wp-json\/wp\/v2\/types\/page"}],"author":[{"embeddable":true,"href":"https:\/\/www.sidomus.com\/noticias\/wp-json\/wp\/v2\/users\/1"}],"replies":[{"embeddable":true,"href":"https:\/\/www.sidomus.com\/noticias\/wp-json\/wp\/v2\/comments?post=11"}],"version-history":[{"count":3,"href":"https:\/\/www.sidomus.com\/noticias\/wp-json\/wp\/v2\/pages\/11\/revisions"}],"predecessor-version":[{"id":265,"href":"https:\/\/www.sidomus.com\/noticias\/wp-json\/wp\/v2\/pages\/11\/revisions\/265"}],"wp:attachment":[{"href":"https:\/\/www.sidomus.com\/noticias\/wp-json\/wp\/v2\/media?parent=11"}],"curies":[{"name":"wp","href":"https:\/\/api.w.org\/{rel}","templated":true}]}}